{"id":13,"date":"2022-02-04T20:36:22","date_gmt":"2022-02-04T20:36:22","guid":{"rendered":"https:\/\/ingenio.com.py\/v4\/?page_id=13"},"modified":"2022-03-28T16:42:40","modified_gmt":"2022-03-28T19:42:40","slug":"productos","status":"publish","type":"page","link":"https:\/\/ingenio.com.py\/v4\/productos\/","title":{"rendered":"Productos"},"content":{"rendered":"\t\t<div data-elementor-type=\"wp-page\" data-elementor-id=\"13\" class=\"elementor elementor-13\" data-elementor-settings=\"[]\">\n\t\t\t\t\t\t\t<div class=\"elementor-section-wrap\">\n\t\t\t\t\t\t\t<section class=\"elementor-section elementor-top-section elementor-element elementor-element-18245384 elementor-section-full_width elementor-section-height-default elementor-section-height-default\" data-id=\"18245384\" data-element_type=\"section\" data-settings=\"{&quot;background_background&quot;:&quot;video&quot;,&quot;background_video_link&quot;:&quot;https:\\\/\\\/ingenio.com.py\\\/v4\\\/wp-content\\\/uploads\\\/2022\\\/02\\\/pexels-cottonbro-9667568.mp4&quot;}\">\n\t\t\t\t\t\t\t\t<div class=\"elementor-background-video-container elementor-hidden-phone\">\n\t\t\t\t\t\t\t\t\t\t\t\t\t<video class=\"elementor-background-video-hosted elementor-html5-video\" autoplay muted playsinline loop><\/video>\n\t\t\t\t\t\t\t\t\t\t\t<\/div>\n\t\t\t\t\t\t\t\t\t<div class=\"elementor-background-overlay\"><\/div>\n\t\t\t\t\t\t\t<div class=\"elementor-container elementor-column-gap-default\">\n\t\t\t\t\t<div class=\"elementor-column elementor-col-100 elementor-top-column elementor-element elementor-element-7cea1a89\" data-id=\"7cea1a89\" data-element_type=\"column\">\n\t\t\t<div class=\"elementor-widget-wrap elementor-element-populated\">\n\t\t\t\t\t\t\t\t<section class=\"elementor-section elementor-inner-section elementor-element elementor-element-24d228a1 elementor-section-boxed elementor-section-height-default elementor-section-height-default\" data-id=\"24d228a1\" data-element_type=\"section\">\n\t\t\t\t\t\t<div class=\"elementor-container elementor-column-gap-default\">\n\t\t\t\t\t<div class=\"elementor-column elementor-col-100 elementor-inner-column elementor-element elementor-element-1e9344cc\" data-id=\"1e9344cc\" data-element_type=\"column\">\n\t\t\t<div class=\"elementor-widget-wrap elementor-element-populated\">\n\t\t\t\t\t\t\t\t<div class=\"elementor-element elementor-element-41ee961a elementor-widget elementor-widget-heading\" data-id=\"41ee961a\" data-element_type=\"widget\" data-widget_type=\"heading.default\">\n\t\t\t\t<div class=\"elementor-widget-container\">\n\t\t\t<h1 class=\"elementor-heading-title elementor-size-default\">Soluciones con Ingenio<\/h1>\t\t<\/div>\n\t\t\t\t<\/div>\n\t\t\t\t<div class=\"elementor-element elementor-element-76482a16 elementor-widget elementor-widget-text-editor\" data-id=\"76482a16\" data-element_type=\"widget\" data-widget_type=\"text-editor.default\">\n\t\t\t\t<div class=\"elementor-widget-container\">\n\t\t\t\t\t\t\tEn INGENIO S.A. conformamos una empresa con m\u00e1s de 10 a\u00f1os en el mercado enfocada en brindar soluciones de calidad a nuestros socios comerciales.\t\t\t\t\t\t<\/div>\n\t\t\t\t<\/div>\n\t\t\t\t\t<\/div>\n\t\t<\/div>\n\t\t\t\t\t\t\t<\/div>\n\t\t<\/section>\n\t\t\t\t\t<\/div>\n\t\t<\/div>\n\t\t\t\t\t\t\t<\/div>\n\t\t<\/section>\n\t\t\t\t<section class=\"elementor-section elementor-top-section elementor-element elementor-element-1b9144f4 elementor-section-boxed elementor-section-height-default elementor-section-height-default\" data-id=\"1b9144f4\" data-element_type=\"section\" data-settings=\"{&quot;background_background&quot;:&quot;classic&quot;}\">\n\t\t\t\t\t\t<div class=\"elementor-container elementor-column-gap-wider\">\n\t\t\t\t\t<div class=\"elementor-column elementor-col-50 elementor-top-column elementor-element elementor-element-1f7b0475\" data-id=\"1f7b0475\" data-element_type=\"column\">\n\t\t\t<div class=\"elementor-widget-wrap elementor-element-populated\">\n\t\t\t\t\t\t\t\t<div class=\"elementor-element elementor-element-1b9ccd95 elementor-widget elementor-widget-heading\" data-id=\"1b9ccd95\" data-element_type=\"widget\" data-widget_type=\"heading.default\">\n\t\t\t\t<div class=\"elementor-widget-container\">\n\t\t\t<h2 class=\"elementor-heading-title elementor-size-default\">Tecnolog\u00eda de la informaci\u00f3n<\/h2>\t\t<\/div>\n\t\t\t\t<\/div>\n\t\t\t\t<div class=\"elementor-element elementor-element-3dc5a12e elementor-widget elementor-widget-image\" data-id=\"3dc5a12e\" data-element_type=\"widget\" data-widget_type=\"image.default\">\n\t\t\t\t<div class=\"elementor-widget-container\">\n\t\t\t\t\t\t\t\t\t\t\t\t\t\t\t<img width=\"740\" height=\"493\" src=\"https:\/\/ingenio.com.py\/v4\/wp-content\/uploads\/2022\/03\/tecnico-que-trabaja-torre-servidor_13339-69157.webp\" class=\"attachment-full size-full\" alt=\"\" loading=\"lazy\" srcset=\"https:\/\/ingenio.com.py\/v4\/wp-content\/uploads\/2022\/03\/tecnico-que-trabaja-torre-servidor_13339-69157.webp 740w, https:\/\/ingenio.com.py\/v4\/wp-content\/uploads\/2022\/03\/tecnico-que-trabaja-torre-servidor_13339-69157-300x200.webp 300w, https:\/\/ingenio.com.py\/v4\/wp-content\/uploads\/2022\/03\/tecnico-que-trabaja-torre-servidor_13339-69157-600x400.webp 600w\" sizes=\"(max-width: 740px) 100vw, 740px\" \/>\t\t\t\t\t\t\t\t\t\t\t\t\t\t\t<\/div>\n\t\t\t\t<\/div>\n\t\t\t\t\t<\/div>\n\t\t<\/div>\n\t\t\t\t<div class=\"elementor-column elementor-col-50 elementor-top-column elementor-element elementor-element-14e66b6\" data-id=\"14e66b6\" data-element_type=\"column\">\n\t\t\t<div class=\"elementor-widget-wrap elementor-element-populated\">\n\t\t\t\t\t\t\t\t<div class=\"elementor-element elementor-element-5fece10 elementor-position-left elementor-vertical-align-middle elementor-widget elementor-widget-image-box\" data-id=\"5fece10\" data-element_type=\"widget\" data-widget_type=\"image-box.default\">\n\t\t\t\t<div class=\"elementor-widget-container\">\n\t\t\t<div class=\"elementor-image-box-wrapper\"><figure class=\"elementor-image-box-img\"><a href=\"https:\/\/ingenio.com.py\/v4\/productos\/tecnologia-de-la-informacion\/asistencia-en-ti\/\"><img width=\"1200\" height=\"800\" src=\"https:\/\/ingenio.com.py\/v4\/wp-content\/uploads\/2022\/03\/shutterstock_1389400292.jpg\" class=\"attachment-full size-full\" alt=\"\" loading=\"lazy\" \/><\/a><\/figure><div class=\"elementor-image-box-content\"><h3 class=\"elementor-image-box-title\"><a href=\"https:\/\/ingenio.com.py\/v4\/productos\/tecnologia-de-la-informacion\/asistencia-en-ti\/\">Asistencia en Tecnolog\u00eda de la informaci\u00f3n<\/a><\/h3><p class=\"elementor-image-box-description\">Asistencia en la gesti\u00f3n y consultor\u00eda en temas relacionados con la TI<\/p><\/div><\/div>\t\t<\/div>\n\t\t\t\t<\/div>\n\t\t\t\t<div class=\"elementor-element elementor-element-e8625a3 elementor-position-left elementor-vertical-align-middle elementor-widget elementor-widget-image-box\" data-id=\"e8625a3\" data-element_type=\"widget\" data-widget_type=\"image-box.default\">\n\t\t\t\t<div class=\"elementor-widget-container\">\n\t\t\t<div class=\"elementor-image-box-wrapper\"><figure class=\"elementor-image-box-img\"><a href=\"https:\/\/ingenio.com.py\/v4\/productos\/tecnologia-de-la-informacion\/gerenciamiento-en-ti\/\"><img width=\"740\" height=\"493\" src=\"https:\/\/ingenio.com.py\/v4\/wp-content\/uploads\/2022\/03\/tecnico-que-trabaja-torre-servidor_13339-69157.webp\" class=\"attachment-full size-full\" alt=\"\" loading=\"lazy\" \/><\/a><\/figure><div class=\"elementor-image-box-content\"><h3 class=\"elementor-image-box-title\"><a href=\"https:\/\/ingenio.com.py\/v4\/productos\/tecnologia-de-la-informacion\/gerenciamiento-en-ti\/\">Gerenciamiento en Tecnolog\u00eda de la informaci\u00f3n<\/a><\/h3><p class=\"elementor-image-box-description\">Proyecci\u00f3n | Asistencia Remota | Datacenter | Networking<\/p><\/div><\/div>\t\t<\/div>\n\t\t\t\t<\/div>\n\t\t\t\t<div class=\"elementor-element elementor-element-91ce904 elementor-position-left elementor-vertical-align-middle elementor-widget elementor-widget-image-box\" data-id=\"91ce904\" data-element_type=\"widget\" data-widget_type=\"image-box.default\">\n\t\t\t\t<div class=\"elementor-widget-container\">\n\t\t\t<div class=\"elementor-image-box-wrapper\"><figure class=\"elementor-image-box-img\"><a href=\"https:\/\/ingenio.com.py\/v4\/productos\/tecnologia-de-la-informacion\/hosting\/\"><img width=\"1000\" height=\"563\" src=\"https:\/\/ingenio.com.py\/v4\/wp-content\/uploads\/2022\/03\/shutterstock_1319520974.jpg\" class=\"attachment-full size-full\" alt=\"\" loading=\"lazy\" \/><\/a><\/figure><div class=\"elementor-image-box-content\"><h3 class=\"elementor-image-box-title\"><a href=\"https:\/\/ingenio.com.py\/v4\/productos\/tecnologia-de-la-informacion\/hosting\/\">Hosting<\/a><\/h3><p class=\"elementor-image-box-description\">Planes adaptados a tus necesidades<\/p><\/div><\/div>\t\t<\/div>\n\t\t\t\t<\/div>\n\t\t\t\t\t<\/div>\n\t\t<\/div>\n\t\t\t\t\t\t\t<\/div>\n\t\t<\/section>\n\t\t\t\t<section class=\"elementor-section elementor-top-section elementor-element elementor-element-4a6e5fe elementor-section-boxed elementor-section-height-default elementor-section-height-default\" data-id=\"4a6e5fe\" data-element_type=\"section\" data-settings=\"{&quot;background_background&quot;:&quot;classic&quot;}\">\n\t\t\t\t\t\t<div class=\"elementor-container elementor-column-gap-wider\">\n\t\t\t\t\t<div class=\"elementor-column elementor-col-50 elementor-top-column elementor-element elementor-element-9c92a85\" data-id=\"9c92a85\" data-element_type=\"column\">\n\t\t\t<div class=\"elementor-widget-wrap elementor-element-populated\">\n\t\t\t\t\t\t\t\t<div class=\"elementor-element elementor-element-6ac5ef7 elementor-widget elementor-widget-heading\" data-id=\"6ac5ef7\" data-element_type=\"widget\" data-widget_type=\"heading.default\">\n\t\t\t\t<div class=\"elementor-widget-container\">\n\t\t\t<h2 class=\"elementor-heading-title elementor-size-default\">Instalaci\u00f3n y Montaje<\/h2>\t\t<\/div>\n\t\t\t\t<\/div>\n\t\t\t\t<div class=\"elementor-element elementor-element-6b3c493 elementor-widget elementor-widget-image\" data-id=\"6b3c493\" data-element_type=\"widget\" data-widget_type=\"image.default\">\n\t\t\t\t<div class=\"elementor-widget-container\">\n\t\t\t\t\t\t\t\t\t\t\t\t\t\t\t<img width=\"551\" height=\"549\" src=\"https:\/\/ingenio.com.py\/v4\/wp-content\/uploads\/2022\/02\/constructor-electricista-trabajo-examina-conexion-cable-linea-electrica-fuselaje-cuadro-distribucion-industrial-profesional-monos-herramienta-electricista_169016-8635-e1645810286210.jpg\" class=\"attachment-full size-full\" alt=\"\" loading=\"lazy\" srcset=\"https:\/\/ingenio.com.py\/v4\/wp-content\/uploads\/2022\/02\/constructor-electricista-trabajo-examina-conexion-cable-linea-electrica-fuselaje-cuadro-distribucion-industrial-profesional-monos-herramienta-electricista_169016-8635-e1645810286210.jpg 551w, https:\/\/ingenio.com.py\/v4\/wp-content\/uploads\/2022\/02\/constructor-electricista-trabajo-examina-conexion-cable-linea-electrica-fuselaje-cuadro-distribucion-industrial-profesional-monos-herramienta-electricista_169016-8635-e1645810286210-300x300.jpg 300w, https:\/\/ingenio.com.py\/v4\/wp-content\/uploads\/2022\/02\/constructor-electricista-trabajo-examina-conexion-cable-linea-electrica-fuselaje-cuadro-distribucion-industrial-profesional-monos-herramienta-electricista_169016-8635-e1645810286210-100x100.jpg 100w, https:\/\/ingenio.com.py\/v4\/wp-content\/uploads\/2022\/02\/constructor-electricista-trabajo-examina-conexion-cable-linea-electrica-fuselaje-cuadro-distribucion-industrial-profesional-monos-herramienta-electricista_169016-8635-e1645810286210-150x150.jpg 150w\" sizes=\"(max-width: 551px) 100vw, 551px\" \/>\t\t\t\t\t\t\t\t\t\t\t\t\t\t\t<\/div>\n\t\t\t\t<\/div>\n\t\t\t\t\t<\/div>\n\t\t<\/div>\n\t\t\t\t<div class=\"elementor-column elementor-col-50 elementor-top-column elementor-element elementor-element-0f2e801\" data-id=\"0f2e801\" data-element_type=\"column\">\n\t\t\t<div class=\"elementor-widget-wrap elementor-element-populated\">\n\t\t\t\t\t\t\t\t<div class=\"elementor-element elementor-element-09ab8d0 elementor-position-left elementor-vertical-align-middle elementor-widget elementor-widget-image-box\" data-id=\"09ab8d0\" data-element_type=\"widget\" data-widget_type=\"image-box.default\">\n\t\t\t\t<div class=\"elementor-widget-container\">\n\t\t\t<div class=\"elementor-image-box-wrapper\"><figure class=\"elementor-image-box-img\"><a href=\"https:\/\/ingenio.com.py\/v4\/productos\/instalacion-y-montaje\/senales-fuertes\/\"><img width=\"1000\" height=\"667\" src=\"https:\/\/ingenio.com.py\/v4\/wp-content\/uploads\/2022\/02\/male-electrician-works-in-switchboard-with-an-electrical-connecting-cable-1.jpg\" class=\"attachment-full size-full\" alt=\"\" loading=\"lazy\" \/><\/a><\/figure><div class=\"elementor-image-box-content\"><h3 class=\"elementor-image-box-title\"><a href=\"https:\/\/ingenio.com.py\/v4\/productos\/instalacion-y-montaje\/senales-fuertes\/\">Se\u00f1ales fuertes<\/a><\/h3><p class=\"elementor-image-box-description\">Instalaciones el\u00e9ctricas baja y media tensi\u00f3n | Mantenimiento el\u00e9ctrico<\/p><\/div><\/div>\t\t<\/div>\n\t\t\t\t<\/div>\n\t\t\t\t<div class=\"elementor-element elementor-element-814f33c elementor-position-left elementor-vertical-align-middle elementor-widget elementor-widget-image-box\" data-id=\"814f33c\" data-element_type=\"widget\" data-widget_type=\"image-box.default\">\n\t\t\t\t<div class=\"elementor-widget-container\">\n\t\t\t<div class=\"elementor-image-box-wrapper\"><figure class=\"elementor-image-box-img\"><a href=\"https:\/\/ingenio.com.py\/v4\/productos\/instalacion-y-montaje\/senales-debiles\/\"><img width=\"1000\" height=\"665\" src=\"https:\/\/ingenio.com.py\/v4\/wp-content\/uploads\/2022\/03\/fibra.jpg\" class=\"attachment-full size-full\" alt=\"\" loading=\"lazy\" \/><\/a><\/figure><div class=\"elementor-image-box-content\"><h3 class=\"elementor-image-box-title\"><a href=\"https:\/\/ingenio.com.py\/v4\/productos\/instalacion-y-montaje\/senales-debiles\/\">Se\u00f1ales d\u00e9biles<\/a><\/h3><p class=\"elementor-image-box-description\">CCTV | Control de Acceso | PCI Electr\u00f3nico | Red de datos<\/p><\/div><\/div>\t\t<\/div>\n\t\t\t\t<\/div>\n\t\t\t\t\t<\/div>\n\t\t<\/div>\n\t\t\t\t\t\t\t<\/div>\n\t\t<\/section>\n\t\t\t\t<section class=\"elementor-section elementor-top-section elementor-element elementor-element-1890820 elementor-section-boxed elementor-section-height-default elementor-section-height-default\" data-id=\"1890820\" data-element_type=\"section\" data-settings=\"{&quot;background_background&quot;:&quot;classic&quot;}\">\n\t\t\t\t\t\t<div class=\"elementor-container elementor-column-gap-default\">\n\t\t\t\t\t<div class=\"elementor-column elementor-col-50 elementor-top-column elementor-element elementor-element-a41db33\" data-id=\"a41db33\" data-element_type=\"column\">\n\t\t\t<div class=\"elementor-widget-wrap elementor-element-populated\">\n\t\t\t\t\t\t\t\t<div class=\"elementor-element elementor-element-5ebf3f1 elementor-widget elementor-widget-heading\" data-id=\"5ebf3f1\" data-element_type=\"widget\" data-widget_type=\"heading.default\">\n\t\t\t\t<div class=\"elementor-widget-container\">\n\t\t\t<h2 class=\"elementor-heading-title elementor-size-default\">Recibe informaci\u00f3n personalizada sobre nuestros productos y servicios<\/h2>\t\t<\/div>\n\t\t\t\t<\/div>\n\t\t\t\t<div class=\"elementor-element elementor-element-6aa7c68 elementor-widget elementor-widget-text-editor\" data-id=\"6aa7c68\" data-element_type=\"widget\" data-widget_type=\"text-editor.default\">\n\t\t\t\t<div class=\"elementor-widget-container\">\n\t\t\t\t\t\t\tUno de nuestros asesores responder\u00e1 a tu solicitud en la brevedad. \u00a1Estamos para servirte!\t\t\t\t\t\t<\/div>\n\t\t\t\t<\/div>\n\t\t\t\t\t<\/div>\n\t\t<\/div>\n\t\t\t\t<div class=\"elementor-column elementor-col-50 elementor-top-column elementor-element elementor-element-3a06741\" data-id=\"3a06741\" data-element_type=\"column\">\n\t\t\t<div class=\"elementor-widget-wrap elementor-element-populated\">\n\t\t\t\t\t\t\t\t<div class=\"elementor-element elementor-element-ac32e1f elementor-align-right elementor-widget elementor-widget-button\" data-id=\"ac32e1f\" data-element_type=\"widget\" data-widget_type=\"button.default\">\n\t\t\t\t<div class=\"elementor-widget-container\">\n\t\t\t\t\t<div class=\"elementor-button-wrapper\">\n\t\t\t<a href=\"https:\/\/wa.me\/595974607823\" class=\"elementor-button-link elementor-button elementor-size-sm\" role=\"button\">\n\t\t\t\t\t\t<span class=\"elementor-button-content-wrapper\">\n\t\t\t\t\t\t<span class=\"elementor-button-icon elementor-align-icon-right\">\n\t\t\t\t<i aria-hidden=\"true\" class=\"fab fa-whatsapp\"><\/i>\t\t\t<\/span>\n\t\t\t\t\t\t<span class=\"elementor-button-text\">Contacta con nosotros<\/span>\n\t\t<\/span>\n\t\t\t\t\t<\/a>\n\t\t<\/div>\n\t\t\t\t<\/div>\n\t\t\t\t<\/div>\n\t\t\t\t\t<\/div>\n\t\t<\/div>\n\t\t\t\t\t\t\t<\/div>\n\t\t<\/section>\n\t\t\t\t\t\t<\/div>\n\t\t\t\t\t<\/div>\n\t\t","protected":false},"excerpt":{"rendered":"<p>Soluciones con Ingenio En INGENIO S.A. conformamos una empresa con m\u00e1s de 10 a\u00f1os en el mercado enfocada en brindar soluciones de calidad a nuestros socios comerciales. Tecnolog\u00eda de la informaci\u00f3n Asistencia en Tecnolog\u00eda de la informaci\u00f3n Asistencia en la gesti\u00f3n y consultor\u00eda en temas relacionados con la TI Gerenciamiento en Tecnolog\u00eda de la informaci\u00f3n &hellip;<\/p>\n<p class=\"read-more\"> <a class=\"\" href=\"https:\/\/ingenio.com.py\/v4\/productos\/\"> <span class=\"screen-reader-text\">Productos<\/span> Leer m\u00e1s &raquo;<\/a><\/p>\n","protected":false},"author":1,"featured_media":0,"parent":0,"menu_order":0,"comment_status":"closed","ping_status":"closed","template":"elementor_header_footer","meta":{"site-sidebar-layout":"no-sidebar","site-content-layout":"page-builder","ast-main-header-display":"","ast-hfb-above-header-display":"","ast-hfb-below-header-display":"","ast-hfb-mobile-header-display":"","site-post-title":"disabled","ast-breadcrumbs-content":"","ast-featured-img":"disabled","footer-sml-layout":"","theme-transparent-header-meta":"","adv-header-id-meta":"","stick-header-meta":"","header-above-stick-meta":"","header-main-stick-meta":"","header-below-stick-meta":""},"_links":{"self":[{"href":"https:\/\/ingenio.com.py\/v4\/wp-json\/wp\/v2\/pages\/13"}],"collection":[{"href":"https:\/\/ingenio.com.py\/v4\/wp-json\/wp\/v2\/pages"}],"about":[{"href":"https:\/\/ingenio.com.py\/v4\/wp-json\/wp\/v2\/types\/page"}],"author":[{"embeddable":true,"href":"https:\/\/ingenio.com.py\/v4\/wp-json\/wp\/v2\/users\/1"}],"replies":[{"embeddable":true,"href":"https:\/\/ingenio.com.py\/v4\/wp-json\/wp\/v2\/comments?post=13"}],"version-history":[{"count":61,"href":"https:\/\/ingenio.com.py\/v4\/wp-json\/wp\/v2\/pages\/13\/revisions"}],"predecessor-version":[{"id":1431,"href":"https:\/\/ingenio.com.py\/v4\/wp-json\/wp\/v2\/pages\/13\/revisions\/1431"}],"wp:attachment":[{"href":"https:\/\/ingenio.com.py\/v4\/wp-json\/wp\/v2\/media?parent=13"}],"curies":[{"name":"wp","href":"https:\/\/api.w.org\/{rel}","templated":true}]}}