{"id":323,"date":"2022-02-22T13:17:29","date_gmt":"2022-02-22T16:17:29","guid":{"rendered":"https:\/\/ingenio.com.py\/v4\/?page_id=323"},"modified":"2022-03-28T16:49:16","modified_gmt":"2022-03-28T19:49:16","slug":"tecnologia-de-la-informacion","status":"publish","type":"page","link":"https:\/\/ingenio.com.py\/v4\/productos\/tecnologia-de-la-informacion\/","title":{"rendered":"Tecnolog\u00eda de la informaci\u00f3n"},"content":{"rendered":"\t\t<div data-elementor-type=\"wp-page\" data-elementor-id=\"323\" class=\"elementor elementor-323\" data-elementor-settings=\"[]\">\n\t\t\t\t\t\t\t<div class=\"elementor-section-wrap\">\n\t\t\t\t\t\t\t<section class=\"elementor-section elementor-top-section elementor-element elementor-element-57b1f633 elementor-section-full_width elementor-section-height-default elementor-section-height-default\" data-id=\"57b1f633\" data-element_type=\"section\" data-settings=\"{&quot;background_background&quot;:&quot;video&quot;,&quot;background_video_link&quot;:&quot;https:\\\/\\\/ingenio.com.py\\\/v4\\\/wp-content\\\/uploads\\\/2022\\\/02\\\/pexels-cottonbro-9667568.mp4&quot;}\">\n\t\t\t\t\t\t\t\t<div class=\"elementor-background-video-container elementor-hidden-phone\">\n\t\t\t\t\t\t\t\t\t\t\t\t\t<video class=\"elementor-background-video-hosted elementor-html5-video\" autoplay muted playsinline loop><\/video>\n\t\t\t\t\t\t\t\t\t\t\t<\/div>\n\t\t\t\t\t\t\t\t\t<div class=\"elementor-background-overlay\"><\/div>\n\t\t\t\t\t\t\t<div class=\"elementor-container elementor-column-gap-default\">\n\t\t\t\t\t<div class=\"elementor-column elementor-col-100 elementor-top-column elementor-element elementor-element-1508318e\" data-id=\"1508318e\" data-element_type=\"column\">\n\t\t\t<div class=\"elementor-widget-wrap elementor-element-populated\">\n\t\t\t\t\t\t\t\t<section class=\"elementor-section elementor-inner-section elementor-element elementor-element-24224cdb elementor-section-boxed elementor-section-height-default elementor-section-height-default\" data-id=\"24224cdb\" data-element_type=\"section\">\n\t\t\t\t\t\t<div class=\"elementor-container elementor-column-gap-default\">\n\t\t\t\t\t<div class=\"elementor-column elementor-col-100 elementor-inner-column elementor-element elementor-element-3ac712ab\" data-id=\"3ac712ab\" data-element_type=\"column\">\n\t\t\t<div class=\"elementor-widget-wrap elementor-element-populated\">\n\t\t\t\t\t\t\t\t<div class=\"elementor-element elementor-element-56786dde elementor-widget elementor-widget-heading\" data-id=\"56786dde\" data-element_type=\"widget\" data-widget_type=\"heading.default\">\n\t\t\t\t<div class=\"elementor-widget-container\">\n\t\t\t<h1 class=\"elementor-heading-title elementor-size-default\">Soluciones en Tecnolog\u00eda de la Informaci\u00f3n<\/h1>\t\t<\/div>\n\t\t\t\t<\/div>\n\t\t\t\t<div class=\"elementor-element elementor-element-7975e189 elementor-widget elementor-widget-text-editor\" data-id=\"7975e189\" data-element_type=\"widget\" data-widget_type=\"text-editor.default\">\n\t\t\t\t<div class=\"elementor-widget-container\">\n\t\t\t\t\t\t\tEn INGENIO S.A. conformamos una empresa con m\u00e1s de 10 a\u00f1os en el mercado enfocada en brindar soluciones de calidad a nuestros socios comerciales.\t\t\t\t\t\t<\/div>\n\t\t\t\t<\/div>\n\t\t\t\t\t<\/div>\n\t\t<\/div>\n\t\t\t\t\t\t\t<\/div>\n\t\t<\/section>\n\t\t\t\t\t<\/div>\n\t\t<\/div>\n\t\t\t\t\t\t\t<\/div>\n\t\t<\/section>\n\t\t\t\t<section class=\"elementor-section elementor-top-section elementor-element elementor-element-65ea97c1 elementor-section-boxed elementor-section-height-default elementor-section-height-default\" data-id=\"65ea97c1\" data-element_type=\"section\" data-settings=\"{&quot;background_background&quot;:&quot;classic&quot;}\">\n\t\t\t\t\t\t<div class=\"elementor-container elementor-column-gap-wider\">\n\t\t\t\t\t<div class=\"elementor-column elementor-col-100 elementor-top-column elementor-element elementor-element-75c9cab7\" data-id=\"75c9cab7\" data-element_type=\"column\">\n\t\t\t<div class=\"elementor-widget-wrap elementor-element-populated\">\n\t\t\t\t\t\t\t\t<div class=\"elementor-element elementor-element-2e52830 elementor-position-left elementor-vertical-align-middle elementor-widget elementor-widget-image-box\" data-id=\"2e52830\" data-element_type=\"widget\" data-widget_type=\"image-box.default\">\n\t\t\t\t<div class=\"elementor-widget-container\">\n\t\t\t<div class=\"elementor-image-box-wrapper\"><figure class=\"elementor-image-box-img\"><a href=\"https:\/\/ingenio.com.py\/v4\/productos\/tecnologia-de-la-informacion\/asistencia-en-ti\/\"><img width=\"1200\" height=\"800\" src=\"https:\/\/ingenio.com.py\/v4\/wp-content\/uploads\/2022\/03\/shutterstock_1389400292.jpg\" class=\"attachment-full size-full\" alt=\"\" loading=\"lazy\" \/><\/a><\/figure><div class=\"elementor-image-box-content\"><h3 class=\"elementor-image-box-title\"><a href=\"https:\/\/ingenio.com.py\/v4\/productos\/tecnologia-de-la-informacion\/asistencia-en-ti\/\">Asistencia en Tecnolog\u00eda de la informaci\u00f3n<\/a><\/h3><p class=\"elementor-image-box-description\">Asistencia en la gesti\u00f3n y consultor\u00eda en temas relacionados con la TI<\/p><\/div><\/div>\t\t<\/div>\n\t\t\t\t<\/div>\n\t\t\t\t<div class=\"elementor-element elementor-element-7db7c2b8 elementor-position-left elementor-vertical-align-middle elementor-widget elementor-widget-image-box\" data-id=\"7db7c2b8\" data-element_type=\"widget\" data-widget_type=\"image-box.default\">\n\t\t\t\t<div class=\"elementor-widget-container\">\n\t\t\t<div class=\"elementor-image-box-wrapper\"><figure class=\"elementor-image-box-img\"><a href=\"https:\/\/ingenio.com.py\/v4\/productos\/tecnologia-de-la-informacion\/gerenciamiento-en-ti\/\"><img width=\"740\" height=\"493\" src=\"https:\/\/ingenio.com.py\/v4\/wp-content\/uploads\/2022\/03\/tecnico-que-trabaja-torre-servidor_13339-69157.webp\" class=\"attachment-full size-full\" alt=\"\" loading=\"lazy\" \/><\/a><\/figure><div class=\"elementor-image-box-content\"><h3 class=\"elementor-image-box-title\"><a href=\"https:\/\/ingenio.com.py\/v4\/productos\/tecnologia-de-la-informacion\/gerenciamiento-en-ti\/\">Gerenciamiento en Tecnolog\u00eda de la informaci\u00f3n<\/a><\/h3><p class=\"elementor-image-box-description\">Proyecci\u00f3n | Asistencia Remota | Datacenter | Networking<\/p><\/div><\/div>\t\t<\/div>\n\t\t\t\t<\/div>\n\t\t\t\t<div class=\"elementor-element elementor-element-459d272d elementor-position-left elementor-vertical-align-middle elementor-widget elementor-widget-image-box\" data-id=\"459d272d\" data-element_type=\"widget\" data-widget_type=\"image-box.default\">\n\t\t\t\t<div class=\"elementor-widget-container\">\n\t\t\t<div class=\"elementor-image-box-wrapper\"><figure class=\"elementor-image-box-img\"><a href=\"https:\/\/ingenio.com.py\/v4\/productos\/tecnologia-de-la-informacion\/hosting\/\"><img width=\"1000\" height=\"563\" src=\"https:\/\/ingenio.com.py\/v4\/wp-content\/uploads\/2022\/03\/shutterstock_1319520974.jpg\" class=\"attachment-full size-full\" alt=\"\" loading=\"lazy\" \/><\/a><\/figure><div class=\"elementor-image-box-content\"><h3 class=\"elementor-image-box-title\"><a href=\"https:\/\/ingenio.com.py\/v4\/productos\/tecnologia-de-la-informacion\/hosting\/\">Hosting<\/a><\/h3><p class=\"elementor-image-box-description\">Planes adaptados a tus necesidades<\/p><\/div><\/div>\t\t<\/div>\n\t\t\t\t<\/div>\n\t\t\t\t\t<\/div>\n\t\t<\/div>\n\t\t\t\t\t\t\t<\/div>\n\t\t<\/section>\n\t\t\t\t<section class=\"elementor-section elementor-top-section elementor-element elementor-element-3cae2ae1 elementor-section-boxed elementor-section-height-default elementor-section-height-default\" data-id=\"3cae2ae1\" data-element_type=\"section\" data-settings=\"{&quot;background_background&quot;:&quot;classic&quot;}\">\n\t\t\t\t\t\t<div class=\"elementor-container elementor-column-gap-default\">\n\t\t\t\t\t<div class=\"elementor-column elementor-col-50 elementor-top-column elementor-element elementor-element-3d63afdb\" data-id=\"3d63afdb\" data-element_type=\"column\">\n\t\t\t<div class=\"elementor-widget-wrap elementor-element-populated\">\n\t\t\t\t\t\t\t\t<div class=\"elementor-element elementor-element-39f80715 elementor-widget elementor-widget-heading\" data-id=\"39f80715\" data-element_type=\"widget\" data-widget_type=\"heading.default\">\n\t\t\t\t<div class=\"elementor-widget-container\">\n\t\t\t<h2 class=\"elementor-heading-title elementor-size-default\">Recibe informaci\u00f3n personalizada sobre nuestros productos y servicios<\/h2>\t\t<\/div>\n\t\t\t\t<\/div>\n\t\t\t\t<div class=\"elementor-element elementor-element-2bdbceb0 elementor-widget elementor-widget-text-editor\" data-id=\"2bdbceb0\" data-element_type=\"widget\" data-widget_type=\"text-editor.default\">\n\t\t\t\t<div class=\"elementor-widget-container\">\n\t\t\t\t\t\t\tUno de nuestros asesores responder\u00e1 a tu solicitud en la brevedad. \u00a1Estamos para servirte!\t\t\t\t\t\t<\/div>\n\t\t\t\t<\/div>\n\t\t\t\t\t<\/div>\n\t\t<\/div>\n\t\t\t\t<div class=\"elementor-column elementor-col-50 elementor-top-column elementor-element elementor-element-5a16425a\" data-id=\"5a16425a\" data-element_type=\"column\">\n\t\t\t<div class=\"elementor-widget-wrap elementor-element-populated\">\n\t\t\t\t\t\t\t\t<div class=\"elementor-element elementor-element-4494acf1 elementor-align-right elementor-widget elementor-widget-button\" data-id=\"4494acf1\" data-element_type=\"widget\" data-widget_type=\"button.default\">\n\t\t\t\t<div class=\"elementor-widget-container\">\n\t\t\t\t\t<div class=\"elementor-button-wrapper\">\n\t\t\t<a href=\"https:\/\/wa.me\/595974607823\" class=\"elementor-button-link elementor-button elementor-size-sm\" role=\"button\">\n\t\t\t\t\t\t<span class=\"elementor-button-content-wrapper\">\n\t\t\t\t\t\t<span class=\"elementor-button-icon elementor-align-icon-right\">\n\t\t\t\t<i aria-hidden=\"true\" class=\"fab fa-whatsapp\"><\/i>\t\t\t<\/span>\n\t\t\t\t\t\t<span class=\"elementor-button-text\">Contacta con nosotros<\/span>\n\t\t<\/span>\n\t\t\t\t\t<\/a>\n\t\t<\/div>\n\t\t\t\t<\/div>\n\t\t\t\t<\/div>\n\t\t\t\t\t<\/div>\n\t\t<\/div>\n\t\t\t\t\t\t\t<\/div>\n\t\t<\/section>\n\t\t\t\t\t\t<\/div>\n\t\t\t\t\t<\/div>\n\t\t","protected":false},"excerpt":{"rendered":"<p>Soluciones en Tecnolog\u00eda de la Informaci\u00f3n En INGENIO S.A. conformamos una empresa con m\u00e1s de 10 a\u00f1os en el mercado enfocada en brindar soluciones de calidad a nuestros socios comerciales. Asistencia en Tecnolog\u00eda de la informaci\u00f3n Asistencia en la gesti\u00f3n y consultor\u00eda en temas relacionados con la TI Gerenciamiento en Tecnolog\u00eda de la informaci\u00f3n Proyecci\u00f3n &hellip;<\/p>\n<p class=\"read-more\"> <a class=\"\" href=\"https:\/\/ingenio.com.py\/v4\/productos\/tecnologia-de-la-informacion\/\"> <span class=\"screen-reader-text\">Tecnolog\u00eda de la informaci\u00f3n<\/span> Leer m\u00e1s &raquo;<\/a><\/p>\n","protected":false},"author":1,"featured_media":0,"parent":13,"menu_order":0,"comment_status":"closed","ping_status":"closed","template":"elementor_header_footer","meta":{"site-sidebar-layout":"no-sidebar","site-content-layout":"page-builder","ast-main-header-display":"","ast-hfb-above-header-display":"","ast-hfb-below-header-display":"","ast-hfb-mobile-header-display":"","site-post-title":"disabled","ast-breadcrumbs-content":"","ast-featured-img":"disabled","footer-sml-layout":"","theme-transparent-header-meta":"","adv-header-id-meta":"","stick-header-meta":"","header-above-stick-meta":"","header-main-stick-meta":"","header-below-stick-meta":""},"_links":{"self":[{"href":"https:\/\/ingenio.com.py\/v4\/wp-json\/wp\/v2\/pages\/323"}],"collection":[{"href":"https:\/\/ingenio.com.py\/v4\/wp-json\/wp\/v2\/pages"}],"about":[{"href":"https:\/\/ingenio.com.py\/v4\/wp-json\/wp\/v2\/types\/page"}],"author":[{"embeddable":true,"href":"https:\/\/ingenio.com.py\/v4\/wp-json\/wp\/v2\/users\/1"}],"replies":[{"embeddable":true,"href":"https:\/\/ingenio.com.py\/v4\/wp-json\/wp\/v2\/comments?post=323"}],"version-history":[{"count":25,"href":"https:\/\/ingenio.com.py\/v4\/wp-json\/wp\/v2\/pages\/323\/revisions"}],"predecessor-version":[{"id":1458,"href":"https:\/\/ingenio.com.py\/v4\/wp-json\/wp\/v2\/pages\/323\/revisions\/1458"}],"up":[{"embeddable":true,"href":"https:\/\/ingenio.com.py\/v4\/wp-json\/wp\/v2\/pages\/13"}],"wp:attachment":[{"href":"https:\/\/ingenio.com.py\/v4\/wp-json\/wp\/v2\/media?parent=323"}],"curies":[{"name":"wp","href":"https:\/\/api.w.org\/{rel}","templated":true}]}}